{"id":27,"date":"2026-01-08T22:53:30","date_gmt":"2026-01-08T21:53:30","guid":{"rendered":"https:\/\/www.coolcornerklima.hu\/?page_id=27"},"modified":"2026-01-08T22:53:30","modified_gmt":"2026-01-08T21:53:30","slug":"kapcsolat","status":"publish","type":"page","link":"https:\/\/www.coolcornerklima.hu\/?page_id=27","title":{"rendered":"Kapcsolat"},"content":{"rendered":"\n<h3 class=\"wp-block-heading\">E-mail:<\/h3>\n\n\n\n<p>coolcornerklima@gmail.com<\/p>\n\n\n\n<p><embed type=\"image\/svg+xml\" src=\"https:\/\/duyn491kcolsw.cloudfront.net\/files\/2a\/2ar\/2arfdo.svg?ph=3bac0aeaef&amp;border=60cde1&amp;outline=25adc7&amp;color=38c0da\"><\/p>\n\n\n\n<h3 class=\"wp-block-heading\">Telefonsz\u00e1m:<\/h3>\n\n\n\n<p><strong>+36 30 117 3009<\/strong><\/p>\n\n\n\n<p><strong>H\u00e9tf\u0151t\u0151l-p\u00e9ntekig 08:00-18:00<\/strong><\/p>\n","protected":false},"excerpt":{"rendered":"<p>E-mail: coolcornerklima@gmail.com Telefonsz\u00e1m: +36 30 117 3009 H\u00e9tf\u0151t\u0151l-p\u00e9ntekig 08:00-18:00<\/p>\n","protected":false},"author":1,"featured_media":0,"parent":0,"menu_order":0,"comment_status":"closed","ping_status":"closed","template":"","meta":{"footnotes":""},"class_list":["post-27","page","type-page","status-publish","hentry"],"_links":{"self":[{"href":"https:\/\/www.coolcornerklima.hu\/index.php?rest_route=\/wp\/v2\/pages\/27","targetHints":{"allow":["GET"]}}],"collection":[{"href":"https:\/\/www.coolcornerklima.hu\/index.php?rest_route=\/wp\/v2\/pages"}],"about":[{"href":"https:\/\/www.coolcornerklima.hu\/index.php?rest_route=\/wp\/v2\/types\/page"}],"author":[{"embeddable":true,"href":"https:\/\/www.coolcornerklima.hu\/index.php?rest_route=\/wp\/v2\/users\/1"}],"replies":[{"embeddable":true,"href":"https:\/\/www.coolcornerklima.hu\/index.php?rest_route=%2Fwp%2Fv2%2Fcomments&post=27"}],"version-history":[{"count":1,"href":"https:\/\/www.coolcornerklima.hu\/index.php?rest_route=\/wp\/v2\/pages\/27\/revisions"}],"predecessor-version":[{"id":28,"href":"https:\/\/www.coolcornerklima.hu\/index.php?rest_route=\/wp\/v2\/pages\/27\/revisions\/28"}],"wp:attachment":[{"href":"https:\/\/www.coolcornerklima.hu\/index.php?rest_route=%2Fwp%2Fv2%2Fmedia&parent=27"}],"curies":[{"name":"wp","href":"https:\/\/api.w.org\/{rel}","templated":true}]}}