{"id":23,"date":"2026-01-08T22:52:18","date_gmt":"2026-01-08T21:52:18","guid":{"rendered":"https:\/\/www.coolcornerklima.hu\/?page_id=23"},"modified":"2026-01-08T22:52:18","modified_gmt":"2026-01-08T21:52:18","slug":"arlista","status":"publish","type":"page","link":"https:\/\/www.coolcornerklima.hu\/?page_id=23","title":{"rendered":"\u00c1rlista"},"content":{"rendered":"\n<h3 class=\"wp-block-heading\">Kl\u00edma telep\u00edt\u00e9s<\/h3>\n\n\n\n<ul class=\"wp-block-list\">\n<li>Teljes k\u00f6r\u0171 kivitelez\u00e9s. A k\u00e9sz\u00fcl\u00e9k beszerz\u00e9s\u00e9t\u0151l az \u00fczembe helyez\u00e9sig.<\/li>\n\n\n\n<li>R\u00e9gi k\u00e9sz\u00fcl\u00e9k cser\u00e9je vagy \u00faj k\u00e9sz\u00fcl\u00e9k telep\u00edt\u00e9se.<\/li>\n\n\n\n<li>A telep\u00edt\u00e9s id\u0151ig\u00e9nye minimum 3 \u00f3ra.<\/li>\n\n\n\n<li>Az \u00e1r tartalmazza:<\/li>\n\n\n\n<li>Egy f\u0151fal \u00e1tt\u00f6r\u00e9se<br>3 m\u00e9ter cs\u00f6vez\u00e9s eszt\u00e9tikus dekor csatorn\u00e1ba<br>1 darab 450mm-es k\u00fclt\u00e9ri konzol<br>3 m\u00e9ter elektromos megt\u00e1pl\u00e1l\u00e1s dugvill\u00e1val<br>Gravit\u00e1ci\u00f3 alap\u00fa kondenzv\u00edz elvezet\u00e9se<br>K\u00fclt\u00e9ri cs\u0151 UV v\u00e9delemmel val\u00f3 ell\u00e1t\u00e1sa<\/li>\n\n\n\n<li>Plusz cs\u00f6vez\u00e9s m\u00e9terenk\u00e9nt 15.000 forint<\/li>\n\n\n\n<li>A felm\u00e9r\u00e9s d\u00edja 10.000 forint, ami megrendel\u00e9s eset\u00e9n levon\u00e1sra ker\u00fcl a v\u00e9g\u00f6sszegb\u0151l.<\/li>\n\n\n\n<li>A szerel\u00e9sre 3<strong>\u00a0\u00e9v garanci\u00e1t v\u00e1llalunk<\/strong>, ennek felt\u00e9tele az \u00e9ves karbantart\u00e1s elv\u00e9gz\u00e9se.\u00a0<\/li>\n<\/ul>\n\n\n\n<h3 class=\"wp-block-heading\">100 000 Ft-t\u00f3l<\/h3>\n\n\n\n<h3 class=\"wp-block-heading\">&nbsp;Karbantart\u00e1s<\/h3>\n\n\n\n<p>Keveset haszn\u00e1lt k\u00e9sz\u00fcl\u00e9kekhez javasolt.<\/p>\n\n\n\n<p>Id\u0151ig\u00e9ny minimum 30 perc.<\/p>\n\n\n\n<ul class=\"wp-block-list\">\n<li>Belt\u00e9ri egys\u00e9g<\/li>\n\n\n\n<li>Sz\u0171r\u0151k tiszt\u00edt\u00e1sa, fert\u0151tlen\u00edt\u00e9se<\/li>\n\n\n\n<li>H\u0151cser\u00e9l\u0151 vegyszeres kezel\u00e9se<\/li>\n\n\n\n<li>H\u0171t\u00e9s \u00e9s f\u0171t\u00e9s letesztel\u00e9se<\/li>\n<\/ul>\n\n\n\n<ul class=\"wp-block-list\">\n<li>K\u00fclt\u00e9ri egys\u00e9g<\/li>\n\n\n\n<li>H\u0171t\u0151k\u00f6zeg nyom\u00e1s\u00e1nak ellen\u00f6rz\u00e9se<\/li>\n\n\n\n<li>K\u00fcls\u0151 h\u0151cser\u00e9l\u0151 letakar\u00edt\u00e1sa<\/li>\n<\/ul>\n\n\n\n<h3 class=\"wp-block-heading\">15 000&nbsp;Ft-t\u00f3l<\/h3>\n\n\n\n<h3 class=\"wp-block-heading\">Kl\u00edma mos\u00e1s<\/h3>\n\n\n\n<p>M\u00e9ly tiszt\u00edt\u00e1s sokat haszn\u00e1lt k\u00e9sz\u00fcl\u00e9kekhez.<\/p>\n\n\n\n<p>Id\u0151ig\u00e9ny minimum 60 perc.<\/p>\n\n\n\n<ul class=\"wp-block-list\">\n<li>Belt\u00e9ri egys\u00e9g<\/li>\n\n\n\n<li>K\u00fcls\u0151 burkolat leszerel\u00e9se, tiszt\u00edt\u00e1sa<\/li>\n\n\n\n<li>Sz\u0171r\u0151k tiszt\u00edt\u00e1sa, fert\u0151tlen\u00edt\u00e9se<\/li>\n\n\n\n<li>H\u0151cser\u00e9l\u0151 vegyszeres kezel\u00e9se, \u00e1tmos\u00e1sa<\/li>\n\n\n\n<li>Csepv\u00edzt\u00e1lca fert\u0151tlen\u00edt\u00e9se, kitakar\u00edt\u00e1sa<\/li>\n\n\n\n<li>M\u00f3kusker\u00e9k ventil\u00e1tor tiszt\u00edt\u00e1sa<\/li>\n<\/ul>\n\n\n\n<ul class=\"wp-block-list\">\n<li>K\u00fclt\u00e9ri egys\u00e9g<\/li>\n\n\n\n<li>H\u0171t\u0151k\u00f6zeg nyom\u00e1s\u00e1nak ellen\u00f6rz\u00e9se<\/li>\n\n\n\n<li>K\u00fcls\u0151 h\u0151cser\u00e9l\u0151 vegyszeres tiszt\u00edt\u00e1sa, \u00e1tmos\u00e1sa<\/li>\n\n\n\n<li>K\u00fcls\u0151 burkolat tiszt\u00edt\u00e1sa<\/li>\n<\/ul>\n\n\n\n<h3 class=\"wp-block-heading\">24 000&nbsp;Ft-t\u00f3l<\/h3>\n","protected":false},"excerpt":{"rendered":"<p>Kl\u00edma telep\u00edt\u00e9s 100 000 Ft-t\u00f3l &nbsp;Karbantart\u00e1s Keveset haszn\u00e1lt k\u00e9sz\u00fcl\u00e9kekhez javasolt. Id\u0151ig\u00e9ny minimum 30 perc. 15 000&nbsp;Ft-t\u00f3l Kl\u00edma mos\u00e1s M\u00e9ly tiszt\u00edt\u00e1s sokat haszn\u00e1lt k\u00e9sz\u00fcl\u00e9kekhez. Id\u0151ig\u00e9ny minimum 60 perc. 24 000&nbsp;Ft-t\u00f3l<\/p>\n","protected":false},"author":1,"featured_media":0,"parent":0,"menu_order":0,"comment_status":"closed","ping_status":"closed","template":"","meta":{"footnotes":""},"class_list":["post-23","page","type-page","status-publish","hentry"],"_links":{"self":[{"href":"https:\/\/www.coolcornerklima.hu\/index.php?rest_route=\/wp\/v2\/pages\/23","targetHints":{"allow":["GET"]}}],"collection":[{"href":"https:\/\/www.coolcornerklima.hu\/index.php?rest_route=\/wp\/v2\/pages"}],"about":[{"href":"https:\/\/www.coolcornerklima.hu\/index.php?rest_route=\/wp\/v2\/types\/page"}],"author":[{"embeddable":true,"href":"https:\/\/www.coolcornerklima.hu\/index.php?rest_route=\/wp\/v2\/users\/1"}],"replies":[{"embeddable":true,"href":"https:\/\/www.coolcornerklima.hu\/index.php?rest_route=%2Fwp%2Fv2%2Fcomments&post=23"}],"version-history":[{"count":1,"href":"https:\/\/www.coolcornerklima.hu\/index.php?rest_route=\/wp\/v2\/pages\/23\/revisions"}],"predecessor-version":[{"id":24,"href":"https:\/\/www.coolcornerklima.hu\/index.php?rest_route=\/wp\/v2\/pages\/23\/revisions\/24"}],"wp:attachment":[{"href":"https:\/\/www.coolcornerklima.hu\/index.php?rest_route=%2Fwp%2Fv2%2Fmedia&parent=23"}],"curies":[{"name":"wp","href":"https:\/\/api.w.org\/{rel}","templated":true}]}}