{"id":21,"date":"2026-01-08T22:51:41","date_gmt":"2026-01-08T21:51:41","guid":{"rendered":"https:\/\/www.coolcornerklima.hu\/?page_id=21"},"modified":"2026-01-08T22:51:41","modified_gmt":"2026-01-08T21:51:41","slug":"szolgaltatasok","status":"publish","type":"page","link":"https:\/\/www.coolcornerklima.hu\/?page_id=21","title":{"rendered":"Szolg\u00e1ltat\u00e1sok"},"content":{"rendered":"\n<p>Bupesten \u00e9s k\u00f6rny\u00e9k\u00e9n<\/p>\n\n\n\n<p>+36 30 117 3009<\/p>\n\n\n\n<h2 class=\"wp-block-heading\">Kl\u00edma telep\u00edt\u00e9s<\/h2>\n\n\n\n<p>Teljes k\u00f6r\u0171 kivitelez\u00e9s. A k\u00e9sz\u00fcl\u00e9k beszerz\u00e9s\u00e9t\u0151l az \u00fczembe helyez\u00e9sig.<\/p>\n\n\n\n<p>R\u00e9gi k\u00e9sz\u00fcl\u00e9k cser\u00e9je vagy \u00faj k\u00e9sz\u00fcl\u00e9k telep\u00edt\u00e9se.<\/p>\n\n\n\n<h2 class=\"wp-block-heading\">Kl\u00edma mos\u00e1s<\/h2>\n\n\n\n<p>M\u00e9y tiszt\u00edt\u00e1s&nbsp; sokat haszn\u00e1lt k\u00e9sz\u00fcl\u00e9kekhez javasolt.<\/p>\n\n\n\n<h2 class=\"wp-block-heading\">Kl\u00edma karbantart\u00e1s<\/h2>\n\n\n\n<p>Keveset haszn\u00e1lt k\u00e9sz\u00fcl\u00e9kekhez javasolt.<\/p>\n\n\n\n<h2 class=\"wp-block-heading\">Jav\u00edt\u00e1s<\/h2>\n\n\n\n<p>Szigetel\u00e9s p\u00f3tl\u00e1sa, cser\u00e9je, cseppv\u00edzfoly\u00e1s, id\u0151j\u00e1r\u00e1s k\u00e1rosod\u00e1s elleni v\u00e9delem, h\u0171t\u0151k\u00f6zeg t\u00f6lt\u00e9s.<\/p>\n","protected":false},"excerpt":{"rendered":"<p>Bupesten \u00e9s k\u00f6rny\u00e9k\u00e9n +36 30 117 3009 Kl\u00edma telep\u00edt\u00e9s Teljes k\u00f6r\u0171 kivitelez\u00e9s. A k\u00e9sz\u00fcl\u00e9k beszerz\u00e9s\u00e9t\u0151l az \u00fczembe helyez\u00e9sig. R\u00e9gi k\u00e9sz\u00fcl\u00e9k cser\u00e9je vagy \u00faj k\u00e9sz\u00fcl\u00e9k telep\u00edt\u00e9se. Kl\u00edma mos\u00e1s M\u00e9y tiszt\u00edt\u00e1s&nbsp; sokat haszn\u00e1lt k\u00e9sz\u00fcl\u00e9kekhez javasolt. Kl\u00edma karbantart\u00e1s Keveset haszn\u00e1lt k\u00e9sz\u00fcl\u00e9kekhez javasolt. Jav\u00edt\u00e1s Szigetel\u00e9s p\u00f3tl\u00e1sa, cser\u00e9je, cseppv\u00edzfoly\u00e1s, id\u0151j\u00e1r\u00e1s k\u00e1rosod\u00e1s elleni v\u00e9delem, h\u0171t\u0151k\u00f6zeg t\u00f6lt\u00e9s.<\/p>\n","protected":false},"author":1,"featured_media":0,"parent":0,"menu_order":0,"comment_status":"closed","ping_status":"closed","template":"","meta":{"footnotes":""},"class_list":["post-21","page","type-page","status-publish","hentry"],"_links":{"self":[{"href":"https:\/\/www.coolcornerklima.hu\/index.php?rest_route=\/wp\/v2\/pages\/21","targetHints":{"allow":["GET"]}}],"collection":[{"href":"https:\/\/www.coolcornerklima.hu\/index.php?rest_route=\/wp\/v2\/pages"}],"about":[{"href":"https:\/\/www.coolcornerklima.hu\/index.php?rest_route=\/wp\/v2\/types\/page"}],"author":[{"embeddable":true,"href":"https:\/\/www.coolcornerklima.hu\/index.php?rest_route=\/wp\/v2\/users\/1"}],"replies":[{"embeddable":true,"href":"https:\/\/www.coolcornerklima.hu\/index.php?rest_route=%2Fwp%2Fv2%2Fcomments&post=21"}],"version-history":[{"count":1,"href":"https:\/\/www.coolcornerklima.hu\/index.php?rest_route=\/wp\/v2\/pages\/21\/revisions"}],"predecessor-version":[{"id":22,"href":"https:\/\/www.coolcornerklima.hu\/index.php?rest_route=\/wp\/v2\/pages\/21\/revisions\/22"}],"wp:attachment":[{"href":"https:\/\/www.coolcornerklima.hu\/index.php?rest_route=%2Fwp%2Fv2%2Fmedia&parent=21"}],"curies":[{"name":"wp","href":"https:\/\/api.w.org\/{rel}","templated":true}]}}